{"id":1225,"date":"2025-07-11T21:28:11","date_gmt":"2025-07-11T21:28:11","guid":{"rendered":"https:\/\/mrtxp-pronostic.com\/%d8%a3%d9%81%d9%8a%d8%b3\/"},"modified":"2026-03-22T11:44:45","modified_gmt":"2026-03-22T11:44:45","slug":"%d8%a3%d9%81%d9%8a%d8%b3","status":"publish","type":"page","link":"https:\/\/mrtxp-pronostic.com\/ar\/%d8%a3%d9%81%d9%8a%d8%b3\/","title":{"rendered":"\u0623\u0641\u064a\u0633"},"content":{"rendered":"<p>[et_pb_section fb_built=&#8221;1&#8243; disabled_on=&#8221;on|on|off&#8221; admin_label=&#8221;mesh background section&#8221; _builder_version=&#8221;4.27.4&#8243; _module_preset=&#8221;default&#8221; background_color=&#8221;#163F63&#8243; positioning=&#8221;fixed&#8221; z_index=&#8221;-1&#8243; custom_css_main_element=&#8221;width: 100%;||height: 100vh;&#8221; collapsed=&#8221;on&#8221; global_colors_info=&#8221;{}&#8221; global_module=&#8221;865&#8243; theme_builder_area=&#8221;post_content&#8221;][et_pb_row disabled_on=&#8221;off|off|off&#8221; admin_label=&#8221;hero mesh gradient&#8221; module_class=&#8221;hero-mesh-gradient__container&#8221; _builder_version=&#8221;4.27.4&#8243; _module_preset=&#8221;default&#8221; custom_css_main_element=&#8221;height: 100%;||width: 100%;&#8221; locked=&#8221;off&#8221; global_colors_info=&#8221;{}&#8221; theme_builder_area=&#8221;post_content&#8221;][et_pb_column type=&#8221;4_4&#8243; module_class=&#8221;hero-mesh-gradient__column&#8221; _builder_version=&#8221;4.27.4&#8243; _module_preset=&#8221;default&#8221; custom_css_main_element=&#8221;height: 100%;&#8221; global_colors_info=&#8221;{}&#8221; theme_builder_area=&#8221;post_content&#8221;][et_pb_code module_class=&#8221;hero-mesh-gradient__module&#8221; _builder_version=&#8221;4.27.4&#8243; _module_preset=&#8221;default&#8221; custom_css_main_element=&#8221;height: 100%;&#8221; global_colors_info=&#8221;{}&#8221; theme_builder_area=&#8221;post_content&#8221;]<!-- [et_pb_line_break_holder] --><!-- [et_pb_line_break_holder] --><!-- [et_pb_line_break_holder] --><!-- [et_pb_line_break_holder] -->  #gradient-canvas {<!-- [et_pb_line_break_holder] -->  opacity: 1;<!-- [et_pb_line_break_holder] -->  width:100%;<!-- [et_pb_line_break_holder] -->  height:100%;<!-- [et_pb_line_break_holder] -->  &#8211;gradient-color-1: #00396C; <!-- [et_pb_line_break_holder] -->  &#8211;gradient-color-2: #000;<!-- [et_pb_line_break_holder] -->  &#8211;gradient-color-3: #165E9D; <!-- [et_pb_line_break_holder] -->  &#8211;gradient-color-4: #00213F;<!-- [et_pb_line_break_holder] -->  z-index:0;<!-- [et_pb_line_break_holder] -->}<!-- [et_pb_line_break_holder] -->[\/et_pb_code][\/et_pb_column][\/et_pb_row][\/et_pb_section][et_pb_section fb_built=&#8221;1&#8243; custom_padding_last_edited=&#8221;on|phone&#8221; disabled_on=&#8221;off|off|on&#8221; admin_label=&#8221;hero&#8221; module_class=&#8221;hero&#8221; _builder_version=&#8221;4.27.4&#8243; _module_preset=&#8221;default&#8221; background_color=&#8221;RGBA(255,255,255,0)&#8221; custom_margin_tablet=&#8221;&#8221; custom_margin_phone=&#8221;-88px||0px||false|false&#8221; custom_margin_last_edited=&#8221;on|phone&#8221; custom_padding_tablet=&#8221;&#8221; custom_padding_phone=&#8221;160px||0px||false|false&#8221; global_colors_info=&#8221;{}&#8221; collapsed=&#8221;on&#8221;][et_pb_row admin_label=&#8221;hero row 1&#8243; module_class=&#8221;hero__row1&#8243; _builder_version=&#8221;4.27.4&#8243; _module_preset=&#8221;default&#8221; width_tablet=&#8221;&#8221; width_phone=&#8221;90%&#8221; width_last_edited=&#8221;on|phone&#8221; max_width=&#8221;none&#8221; custom_margin=&#8221;0px||0px||true|false&#8221; custom_padding=&#8221;0px||0px||true|false&#8221; global_colors_info=&#8221;{}&#8221;][et_pb_column type=&#8221;4_4&#8243; module_class=&#8221;hero__row1__col1&#8243; admin_label=&#8221;hero row 1 col 1&#8243; _builder_version=&#8221;4.27.4&#8243; _module_preset=&#8221;default&#8221; global_colors_info=&#8221;{}&#8221;][et_pb_heading title=&#8221;\u0623\u062e\u0628\u0631\u0646\u0627 \u0628\u0631\u0623\u064a\u0643&#8221; admin_label=&#8221;hero heading&#8221; module_class=&#8221;hero__heading&#8221; _builder_version=&#8221;4.27.4&#8243; _module_preset=&#8221;default&#8221; title_font=&#8221;|700|||||||&#8221; title_line_height=&#8221;1.4em&#8221; custom_margin_tablet=&#8221;&#8221; custom_margin_phone=&#8221;0px||24px||false|false&#8221; custom_margin_last_edited=&#8221;on|phone&#8221; custom_padding=&#8221;0px||0px||true|false&#8221; animation_style=&#8221;slide&#8221; animation_direction=&#8221;bottom&#8221; animation_intensity_slide=&#8221;30%&#8221; title_font_size_tablet=&#8221;&#8221; title_font_size_phone=&#8221;40px&#8221; title_font_size_last_edited=&#8221;on|phone&#8221; global_colors_info=&#8221;{}&#8221;][\/et_pb_heading][et_pb_text admin_label=&#8221;hero text description&#8221; module_class=&#8221;hero__text-description&#8221; _builder_version=&#8221;4.27.4&#8243; _module_preset=&#8221;default&#8221; animation_style=&#8221;slide&#8221; animation_direction=&#8221;bottom&#8221; animation_intensity_slide=&#8221;30%&#8221; global_colors_info=&#8221;{}&#8221;]<\/p>\n<p>\u0627\u062a\u0631\u0643 \u0631\u0623\u064a\u0643 \u0628\u0639\u062f \u0623\u0633\u0628\u0648\u0639 \u0648\u0627\u062d\u062f \u0639\u0644\u0649 \u0627\u0644\u0623\u0642\u0644 \u0639\u0644\u0649 \u0627\u0644\u0645\u0648\u0627\u0642\u0639 \u062d\u062a\u0649 \u0646\u062a\u0645\u0643\u0646 \u0645\u0646 \u0627\u0644\u062d\u0635\u0648\u0644 \u0639\u0644\u0649 \u0648\u062c\u0647\u0629 \u0646\u0638\u0631\u0643 \u0625\u0630\u0627 \u0643\u0646\u062a \u0631\u0627\u0636\u064a\u064b\u0627 \u0623\u0648 \u0625\u0630\u0627 \u0643\u0627\u0646 \u0647\u0646\u0627\u0643 \u0628\u0639\u0636 \u0627\u0644\u0646\u0642\u0627\u0637 \u0627\u0644\u062a\u064a \u064a\u062c\u0628 \u0623\u0646 \u062a\u0630\u0643\u0631\u0647\u0627.<\/p>\n<p>[\/et_pb_text][\/et_pb_column][\/et_pb_row][\/et_pb_section][et_pb_section fb_built=&#8221;1&#8243; disabled_on=&#8221;on|on|off&#8221; admin_label=&#8221;desktop hero section&#8221; module_class=&#8221;home__desktop-hero-section&#8221; _builder_version=&#8221;4.27.4&#8243; _module_preset=&#8221;default&#8221; background_color=&#8221;RGBA(255,255,255,0)&#8221; custom_margin=&#8221;-88px||||false|false&#8221; custom_padding=&#8221;160px||160px||true|false&#8221; locked=&#8221;off&#8221; global_colors_info=&#8221;{}&#8221; collapsed=&#8221;on&#8221;][et_pb_row column_structure=&#8221;1_2,1_2&#8243; use_custom_gutter=&#8221;on&#8221; gutter_width=&#8221;4&#8243; admin_label=&#8221;desktop hero row 1&#8243; module_class=&#8221;desktop-hero-section__row1&#8243; _builder_version=&#8221;4.27.4&#8243; _module_preset=&#8221;default&#8221; max_width=&#8221;none&#8221; global_colors_info=&#8221;{}&#8221;][et_pb_column type=&#8221;1_2&#8243; module_class=&#8221;desktop-hero-section__row1__col1&#8243; admin_label=&#8221;desktop-hero-section__row1__col1&#8243; _builder_version=&#8221;4.27.4&#8243; _module_preset=&#8221;default&#8221; global_colors_info=&#8221;{}&#8221;][et_pb_heading title=&#8221;\u0623\u062e\u0628\u0631\u0646\u0627 \u0628\u0631\u0623\u064a\u0643&#8221; admin_label=&#8221;home__hero__title&#8221; module_id=&#8221;home__hero__title&#8221; module_class=&#8221;home__hero__title&#8221; _builder_version=&#8221;4.27.4&#8243; _module_preset=&#8221;default&#8221; title_font=&#8221;&#8211;et_global_heading_font|700|||||||&#8221; title_font_size=&#8221;70px&#8221; title_line_height=&#8221;1.2em&#8221; custom_padding=&#8221;||24px||false|false&#8221; custom_padding_tablet=&#8221;||24px||false|false&#8221; custom_padding_phone=&#8221;||24px||false|false&#8221; custom_padding_last_edited=&#8221;on|phone&#8221; animation_style=&#8221;slide&#8221; animation_direction=&#8221;bottom&#8221; animation_intensity_slide=&#8221;30%&#8221; title_font_size_tablet=&#8221;40px&#8221; title_font_size_phone=&#8221;40px&#8221; title_font_size_last_edited=&#8221;on|phone&#8221; global_colors_info=&#8221;{}&#8221;][\/et_pb_heading][\/et_pb_column][et_pb_column type=&#8221;1_2&#8243; module_class=&#8221;desktop-hero-section__row1__col2&#8243; admin_label=&#8221;desktop-hero-section__row1__col2&#8243; _builder_version=&#8221;4.27.4&#8243; _module_preset=&#8221;default&#8221; custom_css_main_element=&#8221;display: grid;||grid-template-columns: 1fr 1fr;||grid-gap: 40px;&#8221; global_colors_info=&#8221;{}&#8221;][et_pb_text admin_label=&#8221;home__hero__desc&#8221; module_id=&#8221;home__hero__desc&#8221; module_class=&#8221;home__hero__desc&#8221; _builder_version=&#8221;4.27.4&#8243; _module_preset=&#8221;default&#8221; custom_margin=&#8221;0px||0px||true|false&#8221; custom_padding=&#8221;0px||0px||true|false&#8221; custom_padding_phone=&#8221;||32px||false|false&#8221; custom_padding_last_edited=&#8221;off|desktop&#8221; animation_style=&#8221;slide&#8221; animation_direction=&#8221;bottom&#8221; animation_intensity_slide=&#8221;30%&#8221; custom_css_main_element=&#8221;grid-column: 1\/-1;&#8221; global_colors_info=&#8221;{}&#8221;]<\/p>\n<p>\u0627\u062a\u0631\u0643 \u0631\u0623\u064a\u0643 \u0628\u0639\u062f \u0623\u0633\u0628\u0648\u0639 \u0648\u0627\u062d\u062f \u0639\u0644\u0649 \u0627\u0644\u0623\u0642\u0644 \u0639\u0644\u0649 \u0627\u0644\u0645\u0648\u0627\u0642\u0639 \u062d\u062a\u0649 \u0646\u062a\u0645\u0643\u0646 \u0645\u0646 \u0627\u0644\u062d\u0635\u0648\u0644 \u0639\u0644\u0649 \u0648\u062c\u0647\u0629 \u0646\u0638\u0631\u0643 \u0625\u0630\u0627 \u0643\u0646\u062a \u0631\u0627\u0636\u064a\u064b\u0627 \u0623\u0648 \u0625\u0630\u0627 \u0643\u0627\u0646 \u0647\u0646\u0627\u0643 \u0628\u0639\u0636 \u0627\u0644\u0646\u0642\u0627\u0637 \u0627\u0644\u062a\u064a \u064a\u062c\u0628 \u0623\u0646 \u062a\u0630\u0643\u0631\u0647\u0627.<\/p>\n<p>[\/et_pb_text][\/et_pb_column][\/et_pb_row][\/et_pb_section][et_pb_section fb_built=&#8221;1&#8243; custom_padding_last_edited=&#8221;on|desktop&#8221; admin_label=&#8221;section review form&#8221; module_class=&#8221;avis__section-avis&#8221; _builder_version=&#8221;4.27.4&#8243; _module_preset=&#8221;default&#8221; background_color=&#8221;RGBA(255,255,255,0)&#8221; custom_margin=&#8221;0px||0px||true|false&#8221; custom_padding=&#8221;||160px||false|false&#8221; custom_padding_tablet=&#8221;&#8221; custom_padding_phone=&#8221;80px||80px||false|false&#8221; global_colors_info=&#8221;{}&#8221; collapsed=&#8221;on&#8221;][et_pb_row admin_label=&#8221;avis row 1&#8243; module_class=&#8221;section-avis__row1&#8243; _builder_version=&#8221;4.27.4&#8243; _module_preset=&#8221;e0a7435d-b985-4e2b-afbb-38105f372123&#8243; width=&#8221;40%&#8221; width_tablet=&#8221;40%&#8221; global_colors_info=&#8221;{}&#8221;][et_pb_column type=&#8221;4_4&#8243; module_class=&#8221;section-avis__row1__col1&#8243; admin_label=&#8221;avis section avis row 1 col 1&#8243; _builder_version=&#8221;4.27.4&#8243; _module_preset=&#8221;default&#8221; global_colors_info=&#8221;{}&#8221;][et_pb_code admin_label=&#8221;avis form module&#8221; module_class=&#8221;section-avis__avis-form-module&#8221; _builder_version=&#8221;4.27.4&#8243; _module_preset=&#8221;default&#8221; animation_style=&#8221;slide&#8221; animation_direction=&#8221;bottom&#8221; animation_intensity_slide=&#8221;30%&#8221; global_colors_info=&#8221;{}&#8221;]<div class=\"shortcode-site-reviews-form\"><div class=\"glsr glsr-default\" id=\"review-form\" data-from=\"shortcode\" data-shortcode=\"site_reviews_form\"><div class=\"glsr-form-wrap\">\n    <form class=\"glsr-form glsr-review-form\" method=\"post\" enctype=\"multipart\/form-data\">\n        <input type=\"hidden\" name=\"site-reviews[_action]\" value=\"submit-review\" \/>\n<input type=\"hidden\" name=\"site-reviews[_nonce]\" value=\"7ddbe62a89\" \/>\n<input type=\"hidden\" name=\"site-reviews[_post_id]\" value=\"1225\" \/>\n<input type=\"hidden\" name=\"site-reviews[_referer]\" value=\"\" \/>\n<input type=\"hidden\" name=\"site-reviews[assigned_posts]\" value=\"\" \/>\n<input type=\"hidden\" name=\"site-reviews[assigned_terms]\" value=\"\" \/>\n<input type=\"hidden\" name=\"site-reviews[assigned_users]\" value=\"\" \/>\n<input type=\"hidden\" name=\"site-reviews[excluded]\" value=\"\" \/>\n<input type=\"hidden\" name=\"site-reviews[form_id]\" value=\"review-form\" \/>\n<input type=\"hidden\" name=\"site-reviews[form_signature]\" value=\"4jdgB7dNkE55kXwlPZdhWNECGTkNLgyy3ecOgGSncg60liiggEvIngLigX0lXd_vrV8-nMKlrpsv3MQJCFmdj9JKa_5t27BoK0oLZeZ4GbG6oJVI8meRzdegg7P57I969n54frLcly08qRyIUG56LqgoO7EvYdKlDtNPtH0aGX3S9R4KetNQflQO2CsjDq5C5FuN1garNBy8UO_NNSWhGopR2MkyF9yxcrgpZZsB8aMjNp15MAoB9-vtC_DWDWQHIN0_iDuEqeJMt3tqfoeMjNBTX23R6d-TQwATjUT1JHqlHZiXVmVFZsSXj2Biv7TCgOG9gETrOKtl3FSU3uuQCEELTvsAo4fgmxaonP-bfTTKkA2Fd95JDUe-wNv3zZhR6-vHMlYdujfTxamVJlTAvqF1pMv3NI9rtrqWKzh9SUEdU80ueTjWEd_J\" \/>\n<input type=\"hidden\" name=\"site-reviews[terms_exist]\" value=\"1\" \/>\n<div class=\"glsr-field\" style=\"display:none;\"><label for=\"site-reviews-91305726-review-form\">Message<\/label><input type=\"text\" class=\"glsr-input glsr-input-text\" id=\"site-reviews-91305726-review-form\" name=\"site-reviews[91305726]\" value=\"\" \/><\/div>\n<div class=\"glsr-field glsr-field-rating glsr-required\" data-field=\"rating\" data-type=\"rating\">\n    <label class=\"glsr-label\" for=\"review-form-rating\">\n    <span>Votre note<\/span>\n<\/label>\n    <select class=\"browser-default disable-select glsr-select no-wrap no_wrap\" id=\"review-form-rating\" name=\"site-reviews[rating]\" required><option value=\"\">Select a Rating<\/option><option value=\"5\">5 Stars<\/option><option value=\"4\">4 Stars<\/option><option value=\"3\">3 Stars<\/option><option value=\"2\">2 Stars<\/option><option value=\"1\">1 Star<\/option><\/select>\n    <div class=\"glsr-field-error\"><\/div>\n<\/div>\n<div class=\"glsr-field glsr-field-text glsr-required\" data-field=\"title\" data-type=\"text\">\n    <label class=\"glsr-label\" for=\"review-form-title\">\n    <span>Titre de votre avis<\/span>\n<\/label>\n    <input type=\"text\" class=\"glsr-input glsr-input-text\" id=\"review-form-title\" name=\"site-reviews[title]\" required value=\"\" \/>\n    <div class=\"glsr-field-error\"><\/div>\n<\/div>\n<div class=\"glsr-field glsr-field-textarea glsr-required\" data-field=\"content\" data-type=\"textarea\">\n    <label class=\"glsr-label\" for=\"review-form-content\">\n    <span>Message<\/span>\n<\/label>\n    <textarea class=\"glsr-textarea\" id=\"review-form-content\" name=\"site-reviews[content]\" required rows=\"5\"><\/textarea>\n    <div class=\"glsr-field-error\"><\/div>\n<\/div>\n<div class=\"glsr-field glsr-field-text glsr-required\" data-field=\"name\" data-type=\"text\">\n    <label class=\"glsr-label\" for=\"review-form-name\">\n    <span>Nom<\/span>\n<\/label>\n    <input type=\"text\" class=\"glsr-input glsr-input-text\" id=\"review-form-name\" name=\"site-reviews[name]\" required value=\"\" \/>\n    <div class=\"glsr-field-error\"><\/div>\n<\/div>\n<div class=\"glsr-field glsr-field-email glsr-required\" data-field=\"email\" data-type=\"email\">\n    <label class=\"glsr-label\" for=\"review-form-email\">\n    <span>Email<\/span>\n<\/label>\n    <input type=\"email\" class=\"glsr-input glsr-input-email\" id=\"review-form-email\" name=\"site-reviews[email]\" required value=\"\" \/>\n    <div class=\"glsr-field-error\"><\/div>\n<\/div>\n<div class=\"glsr-field glsr-field-choice glsr-required\" data-field=\"terms\" data-type=\"toggle\">\n    \n    <div class=\"glsr-field-subgroup\">\n        <span class=\"glsr-field-toggle\">\n    <span>\n        <span class=\"glsr-toggle\"><input type=\"checkbox\" class=\"glsr-input-toggle\" id=\"review-form-terms-1\" name=\"site-reviews[terms]\" required value=\"1\" \/><span class=\"glsr-toggle-track\"><\/span><\/span>\n    <\/span>\n    <label for=\"review-form-terms-1\">Cet avis est un avis sinc\u00e8re, bas\u00e9 sur mon exp\u00e9rience personnelle.<\/label>\n<\/span>\n    <\/div>\n    <div class=\"glsr-field-error\"><\/div>\n<\/div>\n        <div class=\"glsr-form-message\">\n    \n<\/div>\n        <div data-field=\"submit-button\">\n    <div class=\"wp-block-buttons is-layout-flex\">\n        <div class=\"wp-block-button\">\n            <button type=\"submit\" class=\"glsr-button wp-block-button__link wp-element-button\" aria-busy=\"false\" data-loading=\"Soumission...\">laisser mon avis<\/button>\n        <\/div>\n    <\/div>\n<\/div>\n    <\/form>\n<\/div><\/div><\/div>[\/et_pb_code][\/et_pb_column][\/et_pb_row][\/et_pb_section]<\/p>\n","protected":false},"excerpt":{"rendered":"<p>\u0627\u062a\u0631\u0643 \u0631\u0623\u064a\u0643 \u0628\u0639\u062f \u0623\u0633\u0628\u0648\u0639 \u0648\u0627\u062d\u062f \u0639\u0644\u0649 \u0627\u0644\u0623\u0642\u0644 \u0639\u0644\u0649 \u0627\u0644\u0645\u0648\u0627\u0642\u0639 \u062d\u062a\u0649 \u0646\u062a\u0645\u0643\u0646 \u0645\u0646 \u0627\u0644\u062d\u0635\u0648\u0644 \u0639\u0644\u0649 \u0648\u062c\u0647\u0629 \u0646\u0638\u0631\u0643 \u0625\u0630\u0627 \u0643\u0646\u062a \u0631\u0627\u0636\u064a\u064b\u0627 \u0623\u0648 \u0625\u0630\u0627 \u0643\u0627\u0646 \u0647\u0646\u0627\u0643 \u0628\u0639\u0636 \u0627\u0644\u0646\u0642\u0627\u0637 \u0627\u0644\u062a\u064a \u064a\u062c\u0628 \u0623\u0646 \u062a\u0630\u0643\u0631\u0647\u0627.\u0627\u062a\u0631\u0643 \u0631\u0623\u064a\u0643 \u0628\u0639\u062f \u0623\u0633\u0628\u0648\u0639 \u0648\u0627\u062d\u062f \u0639\u0644\u0649 \u0627\u0644\u0623\u0642\u0644 \u0639\u0644\u0649 \u0627\u0644\u0645\u0648\u0627\u0642\u0639 \u062d\u062a\u0649 \u0646\u062a\u0645\u0643\u0646 \u0645\u0646 \u0627\u0644\u062d\u0635\u0648\u0644 \u0639\u0644\u0649 \u0648\u062c\u0647\u0629 \u0646\u0638\u0631\u0643 \u0625\u0630\u0627 \u0643\u0646\u062a \u0631\u0627\u0636\u064a\u064b\u0627 \u0623\u0648 \u0625\u0630\u0627 \u0643\u0627\u0646 \u0647\u0646\u0627\u0643 \u0628\u0639\u0636 \u0627\u0644\u0646\u0642\u0627\u0637 \u0627\u0644\u062a\u064a \u064a\u062c\u0628 [&hellip;]<\/p>\n","protected":false},"author":1,"featured_media":0,"parent":0,"menu_order":0,"comment_status":"closed","ping_status":"closed","template":"","meta":{"_acf_changed":false,"_et_pb_use_builder":"on","_et_pb_old_content":"","_et_gb_content_width":"","_glsr_average":0,"_glsr_ranking":0,"_glsr_reviews":0,"footnotes":""},"class_list":["post-1225","page","type-page","status-publish","hentry"],"acf":[],"_links":{"self":[{"href":"https:\/\/mrtxp-pronostic.com\/ar\/wp-json\/wp\/v2\/pages\/1225","targetHints":{"allow":["GET"]}}],"collection":[{"href":"https:\/\/mrtxp-pronostic.com\/ar\/wp-json\/wp\/v2\/pages"}],"about":[{"href":"https:\/\/mrtxp-pronostic.com\/ar\/wp-json\/wp\/v2\/types\/page"}],"author":[{"embeddable":true,"href":"https:\/\/mrtxp-pronostic.com\/ar\/wp-json\/wp\/v2\/users\/1"}],"replies":[{"embeddable":true,"href":"https:\/\/mrtxp-pronostic.com\/ar\/wp-json\/wp\/v2\/comments?post=1225"}],"version-history":[{"count":10,"href":"https:\/\/mrtxp-pronostic.com\/ar\/wp-json\/wp\/v2\/pages\/1225\/revisions"}],"predecessor-version":[{"id":3224,"href":"https:\/\/mrtxp-pronostic.com\/ar\/wp-json\/wp\/v2\/pages\/1225\/revisions\/3224"}],"wp:attachment":[{"href":"https:\/\/mrtxp-pronostic.com\/ar\/wp-json\/wp\/v2\/media?parent=1225"}],"curies":[{"name":"wp","href":"https:\/\/api.w.org\/{rel}","templated":true}]}}